{"id":2,"date":"2025-02-21T15:08:34","date_gmt":"2025-02-21T15:08:34","guid":{"rendered":"https:\/\/digitalplug.com.co\/?page_id=2"},"modified":"2026-03-22T01:25:55","modified_gmt":"2026-03-22T01:25:55","slug":"sample-page","status":"publish","type":"page","link":"https:\/\/digitalplug.com.co\/","title":{"rendered":"FingerPlug"},"content":{"rendered":"<p>El nuevo sistema de control de acceso y gesti\u00f3n de venta de servicios FingerPlug; es una plataforma que se est\u00e1 actualizando y durante el 2026 generar\u00e1 las siguientes versiones:<\/p>\n<ul>\n<li><strong>FingerPlug 9<\/strong>: Aplicaci\u00f3n de escritorio, basada en Framework 4.8, con una base de datos en MySQL\/MariaDb que puede estar en el PC donde se encuentre la aplicaci\u00f3n o en la web. FingerPlug 9 utiliza el SDK de DigitalPersona para la gesti\u00f3n del lector de huella dactilares. La aplicaci\u00f3n incorpora la funcionalidad de env\u00edo de mensajes de Whatsapp a trav\u00e9s de WhatsApp Busines y la API de Meta (<em>Requiere de la configuraci\u00f3n de una cuenta de Meta y WhatsApp Busines<\/em>).<\/li>\n<li><strong>FingerPlug 10<\/strong>: Aplicaci\u00f3n de escritorio y base de datos en la web, con una App para Android que permite a los clientes registrador en la aplicaci\u00f3n de escritorio, consultar su estado de cuentas, sus rutinas de entrenamiento y novedades en el servicio que ofrezca el comercio proveedor de los servicios.<\/li>\n<li><strong>FingerPlug 11: <\/strong>Aplicaci\u00f3n de escritorio, basada en .Net 8 y base de datos en la web, compatible con nuevos sistemas operativos Windows 11 y posteriores, para control de acceso y una plataforma web, para la gesti\u00f3n administrativa de los clientes, servicios, productos y proveedores de los comercios.<\/li>\n<\/ul>\n<p>Cada versi\u00f3n de FingerPlug, incorpora de manera acumulativa, los cambios y nuevas funcionalidades de la versi\u00f3n anterior.<\/p>\n<p>Requerimientos de FingerPlug:<\/p>\n<ul>\n<li><a href=\"https:\/\/dotnet.microsoft.com\/en-us\/download\/dotnet-framework\/thank-you\/net481-web-installer\">Framework 4.8<\/a><\/li>\n<li><a href=\"https:\/\/drive.google.com\/file\/d\/1TWKKDV0e4OPFPDYWpMt7FBYgE5O7Y75S\/view?usp=drive_link\">MySql Server 8.0.45<\/a><\/li>\n<li><a href=\"https:\/\/drive.google.com\/file\/d\/1qhlfegqEc5jr0-P-Wy5iZDXZMyLcM9hk\/view?usp=drive_link\">Base de datos<\/a> (solo para instalaciones nuevas)<\/li>\n<li><a href=\"https:\/\/github.com\/HeidiSQL\/HeidiSQL\/releases\/download\/v12.14.0.7164\/HeidiSQL_12.14_64_Portable.zip\">Herramienta para la instalaci\u00f3n inicial de la BD<\/a><\/li>\n<li><a href=\"https:\/\/www.hidglobal.com\/sites\/default\/files\/drivers\/4500_wbf_driver_5.0.0.5_rs3.zip\">DigitalPersona U.are.U<\/a> (<a href=\"https:\/\/drive.google.com\/file\/d\/1ZRkLvfzrDZyzJb_wsc7ttLWwlRq_a3f2\/view?usp=drive_link\">alternativo<\/a>)<\/li>\n<li><a href=\"https:\/\/origin-az.softwaredownloads.sap.com\/public\/file\/0020000001518472023\">CrystalReports 13.0.35<\/a><\/li>\n<li><a href=\"https:\/\/drive.google.com\/file\/d\/1Y4FXNhEWtRJx3lNwq90h6Ll4lFeSxiu0\/view?usp=drive_link\">WhatsApp Desktop<\/a><\/li>\n<li><a href=\"https:\/\/drive.google.com\/file\/d\/1uWn1NK2xj_CeZtEmLcpj8xCb7WiQXTpW\/view?usp=sharing\">FingerPlug 9<\/a> (ejecutable)<\/li>\n<\/ul>\n<p>En el siguiente <a href=\"https:\/\/drive.google.com\/file\/d\/1oQ_P8jZPrRitjb6WUmz6fmr25zsjRkHn\/view?usp=drive_link\">video<\/a> se encuentra un tutorial para la instalaci\u00f3n por primera vez de la aplicaci\u00f3n FingerPlug9.<\/p>\n<p>&nbsp;<\/p>\n","protected":false},"excerpt":{"rendered":"<p>El nuevo sistema de control de acceso y gesti\u00f3n de venta de servicios FingerPlug; es una plataforma que se est\u00e1 actualizando y durante el 2026 generar\u00e1 las siguientes versiones: FingerPlug 9: Aplicaci\u00f3n de escritorio, basada en Framework 4.8, con una base de datos en MySQL\/MariaDb que puede estar en el PC donde se encuentre la [&hellip;]<\/p>\n","protected":false},"author":1,"featured_media":0,"parent":0,"menu_order":0,"comment_status":"closed","ping_status":"open","template":"","meta":{"footnotes":""},"class_list":["post-2","page","type-page","status-publish","hentry"],"_links":{"self":[{"href":"https:\/\/digitalplug.com.co\/index.php\/wp-json\/wp\/v2\/pages\/2","targetHints":{"allow":["GET"]}}],"collection":[{"href":"https:\/\/digitalplug.com.co\/index.php\/wp-json\/wp\/v2\/pages"}],"about":[{"href":"https:\/\/digitalplug.com.co\/index.php\/wp-json\/wp\/v2\/types\/page"}],"author":[{"embeddable":true,"href":"https:\/\/digitalplug.com.co\/index.php\/wp-json\/wp\/v2\/users\/1"}],"replies":[{"embeddable":true,"href":"https:\/\/digitalplug.com.co\/index.php\/wp-json\/wp\/v2\/comments?post=2"}],"version-history":[{"count":9,"href":"https:\/\/digitalplug.com.co\/index.php\/wp-json\/wp\/v2\/pages\/2\/revisions"}],"predecessor-version":[{"id":22,"href":"https:\/\/digitalplug.com.co\/index.php\/wp-json\/wp\/v2\/pages\/2\/revisions\/22"}],"wp:attachment":[{"href":"https:\/\/digitalplug.com.co\/index.php\/wp-json\/wp\/v2\/media?parent=2"}],"curies":[{"name":"wp","href":"https:\/\/api.w.org\/{rel}","templated":true}]}}